{"id":232,"date":"2015-05-07T13:27:36","date_gmt":"2015-05-07T13:27:36","guid":{"rendered":"http:\/\/xml-io.proteusthemes.com\/cargopress\/?page_id=232"},"modified":"2024-07-11T07:07:21","modified_gmt":"2024-07-11T07:07:21","slug":"ravintola","status":"publish","type":"page","link":"https:\/\/rajacafe.fi\/?page_id=232","title":{"rendered":"Ravintola"},"content":{"rendered":"<div id=\"pl-232\"  class=\"panel-layout\" ><div id=\"pg-232-0\"  class=\"panel-grid panel-no-style\" ><div id=\"pgc-232-0-0\"  class=\"panel-grid-cell\" ><div id=\"panel-232-0-0-0\" class=\"so-panel widget widget_black-studio-tinymce widget_black_studio_tinymce panel-first-child panel-last-child\" data-index=\"0\" ><div class=\"textwidget\"><p>Viihtyis\u00e4ss\u00e4 ravintolasalissamme on 100 asiakaspaikkaa. Tila on jaettu nelj\u00e4\u00e4n eri osaan, joten eri seurueet voivat l\u00f6yt\u00e4\u00e4 omat rauhalliset p\u00f6yt\u00e4ryhm\u00e4ns\u00e4.<br \/>\nLounasaikaan (klo 11\u201315) tarjoamme reilua kotiruokaa ja tuoreita salaatteja sek\u00e4 raasteita noutop\u00f6yd\u00e4st\u00e4mme. Silloinkin voit valita halutessasi annoksen monipuoliselta \u00e1 la Carte -listaltamme.<\/p>\n<hr \/>\n<p><strong>KAHVILA-RAVINTOLA<\/strong><br \/>\n- 100 asiakaspaikkaa<br \/>\n- Runsaat ruoka-annokset (\u00e1 la carte)<br \/>\n- Buffet-lounas klo 11\u201315<br \/>\n- Matkahuolto (Nesteen puolella)<br \/>\n- Rahtarit ry<br \/>\n- Aina valmis sauna (Harvia)<br \/>\n- Kokouspalvelut. Kokoustilat ja -tekniikka sijaitsevat Ravintola Palaverin tiloissa parinsadan metrin p\u00e4\u00e4ss\u00e4 Rajacaf\u00e9sta. Kysy!<br \/>\n- Keitti\u00f6 sulkeutuu 30 minuuttia ennen sulkemisaikaa<\/p>\n<p><a href=\"https:\/\/www.oivahymy.fi\/hae-yrityksia\/#text=Rajacafe\" target=_blank>OIVA-raportti<\/a><\/p>\n<hr \/>\n<\/div><\/div><\/div><div id=\"pgc-232-0-1\"  class=\"panel-grid-cell\" ><div id=\"panel-232-0-1-0\" class=\"so-panel widget widget_black-studio-tinymce widget_black_studio_tinymce panel-first-child panel-last-child\" data-index=\"1\" ><div class=\"textwidget\"><p><img decoding=\"async\" class=\"alignnone size-medium wp-image-1062\" src=\"http:\/\/rajacafe.fi\/wp-content\/uploads\/2017\/03\/ravintola3.jpg\" alt=\"\" width=\"900\"  \/><\/p>\n<p><img decoding=\"async\" class=\"alignnone size-medium wp-image-1090\" src=\"http:\/\/rajacafe.fi\/wp-content\/uploads\/2015\/05\/sali_008.jpg\" alt=\"\" width=\"900\" srcset=\"https:\/\/rajacafe.fi\/wp-content\/uploads\/2015\/05\/sali_008.jpg 900w, https:\/\/rajacafe.fi\/wp-content\/uploads\/2015\/05\/sali_008-300x170.jpg 300w, https:\/\/rajacafe.fi\/wp-content\/uploads\/2015\/05\/sali_008-768x434.jpg 768w, https:\/\/rajacafe.fi\/wp-content\/uploads\/2015\/05\/sali_008-360x204.jpg 360w\" sizes=\"(max-width: 900px) 100vw, 900px\" \/><\/p>\n<\/div><\/div><\/div><\/div><\/div>","protected":false},"excerpt":{"rendered":"<p>Viihtyis\u00e4ss\u00e4 ravintolasalissamme on 100 asiakaspaikkaa. Tila on jaettu nelj\u00e4\u00e4n eri osaan, joten eri seurueet voivat l\u00f6yt\u00e4\u00e4 omat rauhalliset p\u00f6yt\u00e4ryhm\u00e4ns\u00e4.<br \/>\nLounasaikaan (klo 11\u201315) tarjoamme reilua kotiruokaa ja tuoreita salaatteja sek\u00e4 raasteita noutop\u00f6yd\u00e4st\u00e4mme. Silloinkin voit valita halutessasi annoksen monipuoliselta \u00e1 la Carte -listaltamme.<\/p>\n","protected":false},"author":1,"featured_media":1461,"parent":0,"menu_order":0,"comment_status":"closed","ping_status":"open","template":"","meta":{"_acf_changed":false,"footnotes":""},"class_list":["post-232","page","type-page","status-publish","has-post-thumbnail","hentry"],"acf":[],"yoast_head":"<!-- This site is optimized with the Yoast SEO plugin v26.8 - https:\/\/yoast.com\/product\/yoast-seo-wordpress\/ -->\n<title>Ravintola - Rajacaf\u00e9 Karesuvanto<\/title>\n<meta name=\"robots\" content=\"index, follow, max-snippet:-1, max-image-preview:large, max-video-preview:-1\" \/>\n<link rel=\"canonical\" href=\"https:\/\/rajacafe.fi\/?page_id=232\" \/>\n<meta property=\"og:locale\" content=\"fi_FI\" \/>\n<meta property=\"og:type\" content=\"article\" \/>\n<meta property=\"og:title\" content=\"Ravintola - Rajacaf\u00e9 Karesuvanto\" \/>\n<meta property=\"og:description\" content=\"Viihtyis\u00e4ss\u00e4 ravintolasalissamme on 100 asiakaspaikkaa. Tila on jaettu nelj\u00e4\u00e4n eri osaan, joten eri seurueet voivat l\u00f6yt\u00e4\u00e4 omat rauhalliset p\u00f6yt\u00e4ryhm\u00e4ns\u00e4. Lounasaikaan (klo 11\u201315) tarjoamme reilua kotiruokaa ja tuoreita salaatteja sek\u00e4 raasteita noutop\u00f6yd\u00e4st\u00e4mme. Silloinkin voit valita halutessasi annoksen monipuoliselta \u00e1 la Carte -listaltamme.\" \/>\n<meta property=\"og:url\" content=\"https:\/\/rajacafe.fi\/?page_id=232\" \/>\n<meta property=\"og:site_name\" content=\"Rajacaf\u00e9 Karesuvanto\" \/>\n<meta property=\"article:modified_time\" content=\"2024-07-11T07:07:21+00:00\" \/>\n<meta property=\"og:image\" content=\"https:\/\/rajacafe.fi\/wp-content\/uploads\/2021\/07\/hampurilainen1.jpg\" \/>\n\t<meta property=\"og:image:width\" content=\"847\" \/>\n\t<meta property=\"og:image:height\" content=\"480\" \/>\n\t<meta property=\"og:image:type\" content=\"image\/jpeg\" \/>\n<meta name=\"twitter:card\" content=\"summary_large_image\" \/>\n<script type=\"application\/ld+json\" class=\"yoast-schema-graph\">{\"@context\":\"https:\/\/schema.org\",\"@graph\":[{\"@type\":\"WebPage\",\"@id\":\"https:\/\/rajacafe.fi\/?page_id=232\",\"url\":\"https:\/\/rajacafe.fi\/?page_id=232\",\"name\":\"Ravintola - Rajacaf\u00e9 Karesuvanto\",\"isPartOf\":{\"@id\":\"https:\/\/rajacafe.fi\/#website\"},\"primaryImageOfPage\":{\"@id\":\"https:\/\/rajacafe.fi\/?page_id=232#primaryimage\"},\"image\":{\"@id\":\"https:\/\/rajacafe.fi\/?page_id=232#primaryimage\"},\"thumbnailUrl\":\"https:\/\/rajacafe.fi\/wp-content\/uploads\/2021\/07\/hampurilainen1.jpg\",\"datePublished\":\"2015-05-07T13:27:36+00:00\",\"dateModified\":\"2024-07-11T07:07:21+00:00\",\"breadcrumb\":{\"@id\":\"https:\/\/rajacafe.fi\/?page_id=232#breadcrumb\"},\"inLanguage\":\"fi\",\"potentialAction\":[{\"@type\":\"ReadAction\",\"target\":[\"https:\/\/rajacafe.fi\/?page_id=232\"]}]},{\"@type\":\"ImageObject\",\"inLanguage\":\"fi\",\"@id\":\"https:\/\/rajacafe.fi\/?page_id=232#primaryimage\",\"url\":\"https:\/\/rajacafe.fi\/wp-content\/uploads\/2021\/07\/hampurilainen1.jpg\",\"contentUrl\":\"https:\/\/rajacafe.fi\/wp-content\/uploads\/2021\/07\/hampurilainen1.jpg\",\"width\":847,\"height\":480},{\"@type\":\"BreadcrumbList\",\"@id\":\"https:\/\/rajacafe.fi\/?page_id=232#breadcrumb\",\"itemListElement\":[{\"@type\":\"ListItem\",\"position\":1,\"name\":\"Home\",\"item\":\"https:\/\/rajacafe.fi\/\"},{\"@type\":\"ListItem\",\"position\":2,\"name\":\"Ravintola\"}]},{\"@type\":\"WebSite\",\"@id\":\"https:\/\/rajacafe.fi\/#website\",\"url\":\"https:\/\/rajacafe.fi\/\",\"name\":\"Rajacaf\u00e9 Karesuvanto\",\"description\":\"T\u00e4yden palvelun liikenneasema Karesuvannossa\",\"publisher\":{\"@id\":\"https:\/\/rajacafe.fi\/#organization\"},\"potentialAction\":[{\"@type\":\"SearchAction\",\"target\":{\"@type\":\"EntryPoint\",\"urlTemplate\":\"https:\/\/rajacafe.fi\/?s={search_term_string}\"},\"query-input\":{\"@type\":\"PropertyValueSpecification\",\"valueRequired\":true,\"valueName\":\"search_term_string\"}}],\"inLanguage\":\"fi\"},{\"@type\":\"Organization\",\"@id\":\"https:\/\/rajacafe.fi\/#organization\",\"name\":\"Rajabaari\",\"url\":\"https:\/\/rajacafe.fi\/\",\"logo\":{\"@type\":\"ImageObject\",\"inLanguage\":\"fi\",\"@id\":\"https:\/\/rajacafe.fi\/#\/schema\/logo\/image\/\",\"url\":\"http:\/\/rajacafe.fi\/wp-content\/uploads\/2015\/04\/km2.jpg\",\"contentUrl\":\"http:\/\/rajacafe.fi\/wp-content\/uploads\/2015\/04\/km2.jpg\",\"width\":848,\"height\":480,\"caption\":\"Rajabaari\"},\"image\":{\"@id\":\"https:\/\/rajacafe.fi\/#\/schema\/logo\/image\/\"}}]}<\/script>\n<!-- \/ Yoast SEO plugin. -->","yoast_head_json":{"title":"Ravintola - Rajacaf\u00e9 Karesuvanto","robots":{"index":"index","follow":"follow","max-snippet":"max-snippet:-1","max-image-preview":"max-image-preview:large","max-video-preview":"max-video-preview:-1"},"canonical":"https:\/\/rajacafe.fi\/?page_id=232","og_locale":"fi_FI","og_type":"article","og_title":"Ravintola - Rajacaf\u00e9 Karesuvanto","og_description":"Viihtyis\u00e4ss\u00e4 ravintolasalissamme on 100 asiakaspaikkaa. Tila on jaettu nelj\u00e4\u00e4n eri osaan, joten eri seurueet voivat l\u00f6yt\u00e4\u00e4 omat rauhalliset p\u00f6yt\u00e4ryhm\u00e4ns\u00e4. Lounasaikaan (klo 11\u201315) tarjoamme reilua kotiruokaa ja tuoreita salaatteja sek\u00e4 raasteita noutop\u00f6yd\u00e4st\u00e4mme. Silloinkin voit valita halutessasi annoksen monipuoliselta \u00e1 la Carte -listaltamme.","og_url":"https:\/\/rajacafe.fi\/?page_id=232","og_site_name":"Rajacaf\u00e9 Karesuvanto","article_modified_time":"2024-07-11T07:07:21+00:00","og_image":[{"width":847,"height":480,"url":"https:\/\/rajacafe.fi\/wp-content\/uploads\/2021\/07\/hampurilainen1.jpg","type":"image\/jpeg"}],"twitter_card":"summary_large_image","schema":{"@context":"https:\/\/schema.org","@graph":[{"@type":"WebPage","@id":"https:\/\/rajacafe.fi\/?page_id=232","url":"https:\/\/rajacafe.fi\/?page_id=232","name":"Ravintola - Rajacaf\u00e9 Karesuvanto","isPartOf":{"@id":"https:\/\/rajacafe.fi\/#website"},"primaryImageOfPage":{"@id":"https:\/\/rajacafe.fi\/?page_id=232#primaryimage"},"image":{"@id":"https:\/\/rajacafe.fi\/?page_id=232#primaryimage"},"thumbnailUrl":"https:\/\/rajacafe.fi\/wp-content\/uploads\/2021\/07\/hampurilainen1.jpg","datePublished":"2015-05-07T13:27:36+00:00","dateModified":"2024-07-11T07:07:21+00:00","breadcrumb":{"@id":"https:\/\/rajacafe.fi\/?page_id=232#breadcrumb"},"inLanguage":"fi","potentialAction":[{"@type":"ReadAction","target":["https:\/\/rajacafe.fi\/?page_id=232"]}]},{"@type":"ImageObject","inLanguage":"fi","@id":"https:\/\/rajacafe.fi\/?page_id=232#primaryimage","url":"https:\/\/rajacafe.fi\/wp-content\/uploads\/2021\/07\/hampurilainen1.jpg","contentUrl":"https:\/\/rajacafe.fi\/wp-content\/uploads\/2021\/07\/hampurilainen1.jpg","width":847,"height":480},{"@type":"BreadcrumbList","@id":"https:\/\/rajacafe.fi\/?page_id=232#breadcrumb","itemListElement":[{"@type":"ListItem","position":1,"name":"Home","item":"https:\/\/rajacafe.fi\/"},{"@type":"ListItem","position":2,"name":"Ravintola"}]},{"@type":"WebSite","@id":"https:\/\/rajacafe.fi\/#website","url":"https:\/\/rajacafe.fi\/","name":"Rajacaf\u00e9 Karesuvanto","description":"T\u00e4yden palvelun liikenneasema Karesuvannossa","publisher":{"@id":"https:\/\/rajacafe.fi\/#organization"},"potentialAction":[{"@type":"SearchAction","target":{"@type":"EntryPoint","urlTemplate":"https:\/\/rajacafe.fi\/?s={search_term_string}"},"query-input":{"@type":"PropertyValueSpecification","valueRequired":true,"valueName":"search_term_string"}}],"inLanguage":"fi"},{"@type":"Organization","@id":"https:\/\/rajacafe.fi\/#organization","name":"Rajabaari","url":"https:\/\/rajacafe.fi\/","logo":{"@type":"ImageObject","inLanguage":"fi","@id":"https:\/\/rajacafe.fi\/#\/schema\/logo\/image\/","url":"http:\/\/rajacafe.fi\/wp-content\/uploads\/2015\/04\/km2.jpg","contentUrl":"http:\/\/rajacafe.fi\/wp-content\/uploads\/2015\/04\/km2.jpg","width":848,"height":480,"caption":"Rajabaari"},"image":{"@id":"https:\/\/rajacafe.fi\/#\/schema\/logo\/image\/"}}]}},"_links":{"self":[{"href":"https:\/\/rajacafe.fi\/index.php?rest_route=\/wp\/v2\/pages\/232","targetHints":{"allow":["GET"]}}],"collection":[{"href":"https:\/\/rajacafe.fi\/index.php?rest_route=\/wp\/v2\/pages"}],"about":[{"href":"https:\/\/rajacafe.fi\/index.php?rest_route=\/wp\/v2\/types\/page"}],"author":[{"embeddable":true,"href":"https:\/\/rajacafe.fi\/index.php?rest_route=\/wp\/v2\/users\/1"}],"replies":[{"embeddable":true,"href":"https:\/\/rajacafe.fi\/index.php?rest_route=%2Fwp%2Fv2%2Fcomments&post=232"}],"version-history":[{"count":65,"href":"https:\/\/rajacafe.fi\/index.php?rest_route=\/wp\/v2\/pages\/232\/revisions"}],"predecessor-version":[{"id":1535,"href":"https:\/\/rajacafe.fi\/index.php?rest_route=\/wp\/v2\/pages\/232\/revisions\/1535"}],"wp:featuredmedia":[{"embeddable":true,"href":"https:\/\/rajacafe.fi\/index.php?rest_route=\/wp\/v2\/media\/1461"}],"wp:attachment":[{"href":"https:\/\/rajacafe.fi\/index.php?rest_route=%2Fwp%2Fv2%2Fmedia&parent=232"}],"curies":[{"name":"wp","href":"https:\/\/api.w.org\/{rel}","templated":true}]}}