{"id":460,"date":"2015-06-10T08:53:58","date_gmt":"2015-06-10T08:53:58","guid":{"rendered":"http:\/\/xml-io.proteusthemes.com\/cargopress\/?page_id=460"},"modified":"2021-07-05T10:35:10","modified_gmt":"2021-07-05T10:35:10","slug":"tables","status":"publish","type":"page","link":"https:\/\/rajacafe.fi\/?page_id=460","title":{"rendered":"Logot"},"content":{"rendered":"<div id=\"pl-460\"  class=\"panel-layout\" ><div id=\"pg-460-0\"  class=\"panel-grid panel-no-style\" ><div id=\"pgc-460-0-0\"  class=\"panel-grid-cell\" ><div id=\"panel-460-0-0-0\" class=\"so-panel widget widget_text panel-first-child\" data-index=\"0\" ><h3 class=\"widget-title\"><span class=\"widget-title__inline\">Logot painok\u00e4ytt\u00f6\u00f6n<\/span><\/h3>\t\t\t<div class=\"textwidget\"><p><a href=\"http:\/\/rajacafe.fi\/wp-content\/uploads\/2021\/07\/RajaCafe-logo_1-nega-1000x600px.pdf\">RajaCafe-logo_1-nega-1000x600px<\/a><\/p>\n<p><a href=\"http:\/\/rajacafe.fi\/wp-content\/uploads\/2021\/07\/RajaCafe-logo_1-mv-1000x600px.pdf\">RajaCafe-logo_1-mv-1000x600px<\/a><\/p>\n<p><a href=\"http:\/\/rajacafe.fi\/wp-content\/uploads\/2021\/07\/RajaCafe-logo_1-4-vari-1000x600px.pdf\">RajaCafe-logo_1-4-vari-1000x600px<\/a><\/p>\n<\/div>\n\t\t<\/div><div id=\"panel-460-0-0-1\" class=\"so-panel widget widget_text panel-last-child\" data-index=\"1\" ><h3 class=\"widget-title\"><span class=\"widget-title__inline\">Logot nettik\u00e4ytt\u00f6\u00f6n<\/span><\/h3>\t\t\t<div class=\"textwidget\"><p><a href=\"http:\/\/rajacafe.fi\/wp-content\/uploads\/2021\/07\/RajaCafe_logo_1_mv_400x240px.png\"><img loading=\"lazy\" decoding=\"async\" class=\"alignleft size-medium wp-image-1423\" src=\"http:\/\/rajacafe.fi\/wp-content\/uploads\/2021\/07\/RajaCafe_logo_1_mv_400x240px-300x180.png\" alt=\"\" width=\"300\" height=\"180\" srcset=\"https:\/\/rajacafe.fi\/wp-content\/uploads\/2021\/07\/RajaCafe_logo_1_mv_400x240px-300x180.png 300w, https:\/\/rajacafe.fi\/wp-content\/uploads\/2021\/07\/RajaCafe_logo_1_mv_400x240px-768x461.png 768w, https:\/\/rajacafe.fi\/wp-content\/uploads\/2021\/07\/RajaCafe_logo_1_mv_400x240px.png 833w\" sizes=\"auto, (max-width: 300px) 100vw, 300px\" \/><\/a> <a href=\"http:\/\/rajacafe.fi\/wp-content\/uploads\/2021\/07\/RajaCafe_logo_1_nega_400x240.png\"><img loading=\"lazy\" decoding=\"async\" class=\"alignleft size-medium wp-image-1424\" src=\"http:\/\/rajacafe.fi\/wp-content\/uploads\/2021\/07\/RajaCafe_logo_1_nega_400x240-300x180.png\" alt=\"\" width=\"300\" height=\"180\" srcset=\"https:\/\/rajacafe.fi\/wp-content\/uploads\/2021\/07\/RajaCafe_logo_1_nega_400x240-300x180.png 300w, https:\/\/rajacafe.fi\/wp-content\/uploads\/2021\/07\/RajaCafe_logo_1_nega_400x240-768x461.png 768w, https:\/\/rajacafe.fi\/wp-content\/uploads\/2021\/07\/RajaCafe_logo_1_nega_400x240.png 833w\" sizes=\"auto, (max-width: 300px) 100vw, 300px\" \/><\/a> <a href=\"http:\/\/rajacafe.fi\/wp-content\/uploads\/2021\/07\/RajaCafe-logo_1_4-vari-400x240px.png\"><img loading=\"lazy\" decoding=\"async\" class=\"alignleft size-medium wp-image-1425\" src=\"http:\/\/rajacafe.fi\/wp-content\/uploads\/2021\/07\/RajaCafe-logo_1_4-vari-400x240px-300x180.png\" alt=\"\" width=\"300\" height=\"180\" srcset=\"https:\/\/rajacafe.fi\/wp-content\/uploads\/2021\/07\/RajaCafe-logo_1_4-vari-400x240px-300x180.png 300w, https:\/\/rajacafe.fi\/wp-content\/uploads\/2021\/07\/RajaCafe-logo_1_4-vari-400x240px-768x461.png 768w, https:\/\/rajacafe.fi\/wp-content\/uploads\/2021\/07\/RajaCafe-logo_1_4-vari-400x240px.png 833w\" sizes=\"auto, (max-width: 300px) 100vw, 300px\" \/><\/a> <a href=\"http:\/\/rajacafe.fi\/wp-content\/uploads\/2021\/07\/RajaCafe-logo_1_4-vari-1000x600px.png\"><img loading=\"lazy\" decoding=\"async\" class=\"alignleft size-medium wp-image-1426\" src=\"http:\/\/rajacafe.fi\/wp-content\/uploads\/2021\/07\/RajaCafe-logo_1_4-vari-1000x600px-300x180.png\" alt=\"\" width=\"300\" height=\"180\" srcset=\"https:\/\/rajacafe.fi\/wp-content\/uploads\/2021\/07\/RajaCafe-logo_1_4-vari-1000x600px-300x180.png 300w, https:\/\/rajacafe.fi\/wp-content\/uploads\/2021\/07\/RajaCafe-logo_1_4-vari-1000x600px-1024x614.png 1024w, https:\/\/rajacafe.fi\/wp-content\/uploads\/2021\/07\/RajaCafe-logo_1_4-vari-1000x600px-768x461.png 768w, https:\/\/rajacafe.fi\/wp-content\/uploads\/2021\/07\/RajaCafe-logo_1_4-vari-1000x600px-1536x922.png 1536w, https:\/\/rajacafe.fi\/wp-content\/uploads\/2021\/07\/RajaCafe-logo_1_4-vari-1000x600px-2048x1229.png 2048w\" sizes=\"auto, (max-width: 300px) 100vw, 300px\" \/><\/a> <a href=\"http:\/\/rajacafe.fi\/wp-content\/uploads\/2021\/07\/RajaCafe-logo_1_mv-1000x600px.png\"><img loading=\"lazy\" decoding=\"async\" class=\"alignleft size-medium wp-image-1427\" src=\"http:\/\/rajacafe.fi\/wp-content\/uploads\/2021\/07\/RajaCafe-logo_1_mv-1000x600px-300x180.png\" alt=\"\" width=\"300\" height=\"180\" srcset=\"https:\/\/rajacafe.fi\/wp-content\/uploads\/2021\/07\/RajaCafe-logo_1_mv-1000x600px-300x180.png 300w, https:\/\/rajacafe.fi\/wp-content\/uploads\/2021\/07\/RajaCafe-logo_1_mv-1000x600px-1024x614.png 1024w, https:\/\/rajacafe.fi\/wp-content\/uploads\/2021\/07\/RajaCafe-logo_1_mv-1000x600px-768x461.png 768w, https:\/\/rajacafe.fi\/wp-content\/uploads\/2021\/07\/RajaCafe-logo_1_mv-1000x600px-1536x922.png 1536w, https:\/\/rajacafe.fi\/wp-content\/uploads\/2021\/07\/RajaCafe-logo_1_mv-1000x600px-2048x1229.png 2048w\" sizes=\"auto, (max-width: 300px) 100vw, 300px\" \/><\/a> <a href=\"http:\/\/rajacafe.fi\/wp-content\/uploads\/2021\/07\/RajaCafe-logo_1_nega-1000x600px.png\"><img loading=\"lazy\" decoding=\"async\" class=\"alignleft size-medium wp-image-1428\" src=\"http:\/\/rajacafe.fi\/wp-content\/uploads\/2021\/07\/RajaCafe-logo_1_nega-1000x600px-300x180.png\" alt=\"\" width=\"300\" height=\"180\" srcset=\"https:\/\/rajacafe.fi\/wp-content\/uploads\/2021\/07\/RajaCafe-logo_1_nega-1000x600px-300x180.png 300w, https:\/\/rajacafe.fi\/wp-content\/uploads\/2021\/07\/RajaCafe-logo_1_nega-1000x600px-1024x614.png 1024w, https:\/\/rajacafe.fi\/wp-content\/uploads\/2021\/07\/RajaCafe-logo_1_nega-1000x600px-768x461.png 768w, https:\/\/rajacafe.fi\/wp-content\/uploads\/2021\/07\/RajaCafe-logo_1_nega-1000x600px-1536x922.png 1536w, https:\/\/rajacafe.fi\/wp-content\/uploads\/2021\/07\/RajaCafe-logo_1_nega-1000x600px-2048x1229.png 2048w\" sizes=\"auto, (max-width: 300px) 100vw, 300px\" \/><\/a><\/p>\n<\/div>\n\t\t<\/div><\/div><\/div><\/div>","protected":false},"excerpt":{"rendered":"<p>RajaCafe-logo_1-nega-1000x600px RajaCafe-logo_1-mv-1000x600px RajaCafe-logo_1-4-vari-1000x600px<\/p>\n","protected":false},"author":1,"featured_media":0,"parent":0,"menu_order":0,"comment_status":"closed","ping_status":"open","template":"","meta":{"_acf_changed":false,"footnotes":""},"class_list":["post-460","page","type-page","status-publish","hentry"],"acf":[],"yoast_head":"<!-- This site is optimized with the Yoast SEO plugin v26.8 - https:\/\/yoast.com\/product\/yoast-seo-wordpress\/ -->\n<title>Logot - Rajacaf\u00e9 Karesuvanto<\/title>\n<meta name=\"robots\" content=\"index, follow, max-snippet:-1, max-image-preview:large, max-video-preview:-1\" \/>\n<link rel=\"canonical\" href=\"https:\/\/rajacafe.fi\/?page_id=460\" \/>\n<meta property=\"og:locale\" content=\"fi_FI\" \/>\n<meta property=\"og:type\" content=\"article\" \/>\n<meta property=\"og:title\" content=\"Logot - Rajacaf\u00e9 Karesuvanto\" \/>\n<meta property=\"og:description\" content=\"RajaCafe-logo_1-nega-1000x600px RajaCafe-logo_1-mv-1000x600px RajaCafe-logo_1-4-vari-1000x600px\" \/>\n<meta property=\"og:url\" content=\"https:\/\/rajacafe.fi\/?page_id=460\" \/>\n<meta property=\"og:site_name\" content=\"Rajacaf\u00e9 Karesuvanto\" \/>\n<meta property=\"article:modified_time\" content=\"2021-07-05T10:35:10+00:00\" \/>\n<meta property=\"og:image\" content=\"http:\/\/rajacafe.fi\/wp-content\/uploads\/2021\/07\/RajaCafe_logo_1_mv_400x240px-300x180.png\" \/>\n<meta name=\"twitter:card\" content=\"summary_large_image\" \/>\n<script type=\"application\/ld+json\" class=\"yoast-schema-graph\">{\"@context\":\"https:\/\/schema.org\",\"@graph\":[{\"@type\":\"WebPage\",\"@id\":\"https:\/\/rajacafe.fi\/?page_id=460\",\"url\":\"https:\/\/rajacafe.fi\/?page_id=460\",\"name\":\"Logot - Rajacaf\u00e9 Karesuvanto\",\"isPartOf\":{\"@id\":\"https:\/\/rajacafe.fi\/#website\"},\"primaryImageOfPage\":{\"@id\":\"https:\/\/rajacafe.fi\/?page_id=460#primaryimage\"},\"image\":{\"@id\":\"https:\/\/rajacafe.fi\/?page_id=460#primaryimage\"},\"thumbnailUrl\":\"http:\/\/rajacafe.fi\/wp-content\/uploads\/2021\/07\/RajaCafe_logo_1_mv_400x240px-300x180.png\",\"datePublished\":\"2015-06-10T08:53:58+00:00\",\"dateModified\":\"2021-07-05T10:35:10+00:00\",\"breadcrumb\":{\"@id\":\"https:\/\/rajacafe.fi\/?page_id=460#breadcrumb\"},\"inLanguage\":\"fi\",\"potentialAction\":[{\"@type\":\"ReadAction\",\"target\":[\"https:\/\/rajacafe.fi\/?page_id=460\"]}]},{\"@type\":\"ImageObject\",\"inLanguage\":\"fi\",\"@id\":\"https:\/\/rajacafe.fi\/?page_id=460#primaryimage\",\"url\":\"http:\/\/rajacafe.fi\/wp-content\/uploads\/2021\/07\/RajaCafe_logo_1_mv_400x240px-300x180.png\",\"contentUrl\":\"http:\/\/rajacafe.fi\/wp-content\/uploads\/2021\/07\/RajaCafe_logo_1_mv_400x240px-300x180.png\"},{\"@type\":\"BreadcrumbList\",\"@id\":\"https:\/\/rajacafe.fi\/?page_id=460#breadcrumb\",\"itemListElement\":[{\"@type\":\"ListItem\",\"position\":1,\"name\":\"Home\",\"item\":\"https:\/\/rajacafe.fi\/\"},{\"@type\":\"ListItem\",\"position\":2,\"name\":\"Logot\"}]},{\"@type\":\"WebSite\",\"@id\":\"https:\/\/rajacafe.fi\/#website\",\"url\":\"https:\/\/rajacafe.fi\/\",\"name\":\"Rajacaf\u00e9 Karesuvanto\",\"description\":\"T\u00e4yden palvelun liikenneasema Karesuvannossa\",\"publisher\":{\"@id\":\"https:\/\/rajacafe.fi\/#organization\"},\"potentialAction\":[{\"@type\":\"SearchAction\",\"target\":{\"@type\":\"EntryPoint\",\"urlTemplate\":\"https:\/\/rajacafe.fi\/?s={search_term_string}\"},\"query-input\":{\"@type\":\"PropertyValueSpecification\",\"valueRequired\":true,\"valueName\":\"search_term_string\"}}],\"inLanguage\":\"fi\"},{\"@type\":\"Organization\",\"@id\":\"https:\/\/rajacafe.fi\/#organization\",\"name\":\"Rajabaari\",\"url\":\"https:\/\/rajacafe.fi\/\",\"logo\":{\"@type\":\"ImageObject\",\"inLanguage\":\"fi\",\"@id\":\"https:\/\/rajacafe.fi\/#\/schema\/logo\/image\/\",\"url\":\"http:\/\/rajacafe.fi\/wp-content\/uploads\/2015\/04\/km2.jpg\",\"contentUrl\":\"http:\/\/rajacafe.fi\/wp-content\/uploads\/2015\/04\/km2.jpg\",\"width\":848,\"height\":480,\"caption\":\"Rajabaari\"},\"image\":{\"@id\":\"https:\/\/rajacafe.fi\/#\/schema\/logo\/image\/\"}}]}<\/script>\n<!-- \/ Yoast SEO plugin. -->","yoast_head_json":{"title":"Logot - Rajacaf\u00e9 Karesuvanto","robots":{"index":"index","follow":"follow","max-snippet":"max-snippet:-1","max-image-preview":"max-image-preview:large","max-video-preview":"max-video-preview:-1"},"canonical":"https:\/\/rajacafe.fi\/?page_id=460","og_locale":"fi_FI","og_type":"article","og_title":"Logot - Rajacaf\u00e9 Karesuvanto","og_description":"RajaCafe-logo_1-nega-1000x600px RajaCafe-logo_1-mv-1000x600px RajaCafe-logo_1-4-vari-1000x600px","og_url":"https:\/\/rajacafe.fi\/?page_id=460","og_site_name":"Rajacaf\u00e9 Karesuvanto","article_modified_time":"2021-07-05T10:35:10+00:00","og_image":[{"url":"http:\/\/rajacafe.fi\/wp-content\/uploads\/2021\/07\/RajaCafe_logo_1_mv_400x240px-300x180.png","type":"","width":"","height":""}],"twitter_card":"summary_large_image","schema":{"@context":"https:\/\/schema.org","@graph":[{"@type":"WebPage","@id":"https:\/\/rajacafe.fi\/?page_id=460","url":"https:\/\/rajacafe.fi\/?page_id=460","name":"Logot - Rajacaf\u00e9 Karesuvanto","isPartOf":{"@id":"https:\/\/rajacafe.fi\/#website"},"primaryImageOfPage":{"@id":"https:\/\/rajacafe.fi\/?page_id=460#primaryimage"},"image":{"@id":"https:\/\/rajacafe.fi\/?page_id=460#primaryimage"},"thumbnailUrl":"http:\/\/rajacafe.fi\/wp-content\/uploads\/2021\/07\/RajaCafe_logo_1_mv_400x240px-300x180.png","datePublished":"2015-06-10T08:53:58+00:00","dateModified":"2021-07-05T10:35:10+00:00","breadcrumb":{"@id":"https:\/\/rajacafe.fi\/?page_id=460#breadcrumb"},"inLanguage":"fi","potentialAction":[{"@type":"ReadAction","target":["https:\/\/rajacafe.fi\/?page_id=460"]}]},{"@type":"ImageObject","inLanguage":"fi","@id":"https:\/\/rajacafe.fi\/?page_id=460#primaryimage","url":"http:\/\/rajacafe.fi\/wp-content\/uploads\/2021\/07\/RajaCafe_logo_1_mv_400x240px-300x180.png","contentUrl":"http:\/\/rajacafe.fi\/wp-content\/uploads\/2021\/07\/RajaCafe_logo_1_mv_400x240px-300x180.png"},{"@type":"BreadcrumbList","@id":"https:\/\/rajacafe.fi\/?page_id=460#breadcrumb","itemListElement":[{"@type":"ListItem","position":1,"name":"Home","item":"https:\/\/rajacafe.fi\/"},{"@type":"ListItem","position":2,"name":"Logot"}]},{"@type":"WebSite","@id":"https:\/\/rajacafe.fi\/#website","url":"https:\/\/rajacafe.fi\/","name":"Rajacaf\u00e9 Karesuvanto","description":"T\u00e4yden palvelun liikenneasema Karesuvannossa","publisher":{"@id":"https:\/\/rajacafe.fi\/#organization"},"potentialAction":[{"@type":"SearchAction","target":{"@type":"EntryPoint","urlTemplate":"https:\/\/rajacafe.fi\/?s={search_term_string}"},"query-input":{"@type":"PropertyValueSpecification","valueRequired":true,"valueName":"search_term_string"}}],"inLanguage":"fi"},{"@type":"Organization","@id":"https:\/\/rajacafe.fi\/#organization","name":"Rajabaari","url":"https:\/\/rajacafe.fi\/","logo":{"@type":"ImageObject","inLanguage":"fi","@id":"https:\/\/rajacafe.fi\/#\/schema\/logo\/image\/","url":"http:\/\/rajacafe.fi\/wp-content\/uploads\/2015\/04\/km2.jpg","contentUrl":"http:\/\/rajacafe.fi\/wp-content\/uploads\/2015\/04\/km2.jpg","width":848,"height":480,"caption":"Rajabaari"},"image":{"@id":"https:\/\/rajacafe.fi\/#\/schema\/logo\/image\/"}}]}},"_links":{"self":[{"href":"https:\/\/rajacafe.fi\/index.php?rest_route=\/wp\/v2\/pages\/460","targetHints":{"allow":["GET"]}}],"collection":[{"href":"https:\/\/rajacafe.fi\/index.php?rest_route=\/wp\/v2\/pages"}],"about":[{"href":"https:\/\/rajacafe.fi\/index.php?rest_route=\/wp\/v2\/types\/page"}],"author":[{"embeddable":true,"href":"https:\/\/rajacafe.fi\/index.php?rest_route=\/wp\/v2\/users\/1"}],"replies":[{"embeddable":true,"href":"https:\/\/rajacafe.fi\/index.php?rest_route=%2Fwp%2Fv2%2Fcomments&post=460"}],"version-history":[{"count":3,"href":"https:\/\/rajacafe.fi\/index.php?rest_route=\/wp\/v2\/pages\/460\/revisions"}],"predecessor-version":[{"id":1430,"href":"https:\/\/rajacafe.fi\/index.php?rest_route=\/wp\/v2\/pages\/460\/revisions\/1430"}],"wp:attachment":[{"href":"https:\/\/rajacafe.fi\/index.php?rest_route=%2Fwp%2Fv2%2Fmedia&parent=460"}],"curies":[{"name":"wp","href":"https:\/\/api.w.org\/{rel}","templated":true}]}}