{"id":76,"date":"2015-04-23T11:04:51","date_gmt":"2015-04-23T11:04:51","guid":{"rendered":"http:\/\/xml-io.proteusthemes.com\/cargopress\/?page_id=76"},"modified":"2024-12-11T15:18:05","modified_gmt":"2024-12-11T15:18:05","slug":"majoitus","status":"publish","type":"page","link":"https:\/\/rajacafe.fi\/?page_id=76","title":{"rendered":"Majoitus"},"content":{"rendered":"<div id=\"pl-76\"  class=\"panel-layout\" ><div id=\"pg-76-0\"  class=\"panel-grid panel-no-style\" ><div id=\"pgc-76-0-0\"  class=\"panel-grid-cell panel-grid-cell-mobile-last\" ><div id=\"panel-76-0-0-0\" class=\"so-panel widget widget_black-studio-tinymce widget_black_studio_tinymce panel-first-child panel-last-child\" data-index=\"0\" ><div class=\"textwidget\"><p>Rajacaf\u00e9 tarjoaa majoitusta niin yksin liikkuvalle kuin suuremmallekin ryhm\u00e4lle. Meill\u00e4 on kolme Karesuvannossa sijaitsevaa majoitustilaa: Visiitti, Palaveri ja Wanha Tulli. <\/p>\n<\/div><\/div><\/div><div id=\"pgc-76-0-1\"  class=\"panel-grid-cell panel-grid-cell-empty\" ><\/div><\/div><div id=\"pg-76-1\"  class=\"panel-grid panel-no-style\" ><div id=\"pgc-76-1-0\"  class=\"panel-grid-cell\" ><div id=\"panel-76-1-0-0\" class=\"so-panel widget widget_pw_featured_page widget-featured-page panel-first-child panel-last-child\" data-index=\"1\" >\n\t<div class=\"page-box  page-box--block\">\n\t\t\t\t\t\t\t\t\t<a class=\"page-box__picture\" href=\"https:\/\/rajacafe.fi\/?page_id=817\">\n\t\t\t\t\t<img loading=\"lazy\" decoding=\"async\" src=\"https:\/\/rajacafe.fi\/wp-content\/uploads\/2017\/03\/visiitti1-360x240.jpg\" width=\"360\" height=\"240\" srcset=\"https:\/\/rajacafe.fi\/wp-content\/uploads\/2017\/03\/visiitti1-360x240.jpg 360w, https:\/\/rajacafe.fi\/wp-content\/uploads\/2017\/03\/visiitti1.jpg 848w\" sizes=\"auto, (min-width: 992px) 360px, calc(100vw - 30px)\" class=\"wp-post-image\" alt=\"Visiitti\">\n\t\t\t\t<\/a>\n\t\t\t\t\t\t\t<div class=\"page-box__content\">\n\t\t\t<h5 class=\"page-box__title text-uppercase\"><a href=\"https:\/\/rajacafe.fi\/?page_id=817\">Visiitti<\/a><\/h5>\n\t\t\t<p>Jos v\u00e4symys yll\u00e4tt\u00e4\u00e4 kesken matkan, leposija l\u00f6ytyy Rajacaf\u00e9n takaosasta. Yhdelle\/kahdelle hengelle ihanteellisessa Visiitti-yksi\u00f6ss\u00e4 voi rentoutua ja ker\u00e4t\u00e4 voimia seuraavaksi ajop\u00e4iv\u00e4ksi.\r\nVisiitin saunassa voi huuhtoa matkap\u00f6lyt &hellip;<\/p>\n\t\t\t\t\t\t\t<p><a href=\"https:\/\/rajacafe.fi\/?page_id=817\" class=\"read-more  read-more--page-box\">Lue lis\u00e4\u00e4...<\/a><\/p>\n\t\t\t\t\t<\/div>\n\t<\/div>\n\n<\/div><\/div><div id=\"pgc-76-1-1\"  class=\"panel-grid-cell\" ><div id=\"panel-76-1-1-0\" class=\"so-panel widget widget_pw_featured_page widget-featured-page panel-first-child panel-last-child\" data-index=\"2\" >\n\t<div class=\"page-box  page-box--block\">\n\t\t\t\t\t\t\t\t\t<a class=\"page-box__picture\" href=\"https:\/\/rajacafe.fi\/?page_id=95\">\n\t\t\t\t\t<img loading=\"lazy\" decoding=\"async\" src=\"https:\/\/rajacafe.fi\/wp-content\/uploads\/2017\/03\/palaveri2-1-360x240.jpg\" width=\"360\" height=\"240\" srcset=\"https:\/\/rajacafe.fi\/wp-content\/uploads\/2017\/03\/palaveri2-1-360x240.jpg 360w, https:\/\/rajacafe.fi\/wp-content\/uploads\/2017\/03\/palaveri2-1.jpg 848w\" sizes=\"auto, (min-width: 992px) 360px, calc(100vw - 30px)\" class=\"wp-post-image\" alt=\"Palaveri\">\n\t\t\t\t<\/a>\n\t\t\t\t\t\t\t<div class=\"page-box__content\">\n\t\t\t<h5 class=\"page-box__title text-uppercase\"><a href=\"https:\/\/rajacafe.fi\/?page_id=95\">Palaveri<\/a><\/h5>\n\t\t\t<p>Ravintola Palaverin rakennuksessa, parinsadan metrin p\u00e4\u00e4ss\u00e4 Rajacaf\u00e9sta sijaitsee tilava huoneisto, jossa pystyy majoittumaan kahdeksan henke\u00e4 ja tarvittaessa enemm\u00e4nkin.\r\nPalaveri on varustettu kaikin mukavuuksin ja toimii tarpeen tullen &hellip;<\/p>\n\t\t\t\t\t\t\t<p><a href=\"https:\/\/rajacafe.fi\/?page_id=95\" class=\"read-more  read-more--page-box\">Lue lis\u00e4\u00e4...<\/a><\/p>\n\t\t\t\t\t<\/div>\n\t<\/div>\n\n<\/div><\/div><div id=\"pgc-76-1-2\"  class=\"panel-grid-cell panel-grid-cell-mobile-last\" ><div id=\"panel-76-1-2-0\" class=\"so-panel widget widget_pw_featured_page widget-featured-page panel-first-child panel-last-child\" data-index=\"3\" >\n\t<div class=\"page-box  page-box--block\">\n\t\t\t\t\t\t\t\t\t<a class=\"page-box__picture\" href=\"https:\/\/rajacafe.fi\/?page_id=1276\">\n\t\t\t\t\t<img loading=\"lazy\" decoding=\"async\" src=\"https:\/\/rajacafe.fi\/wp-content\/uploads\/2019\/07\/9-360x240.jpg\" width=\"360\" height=\"240\" srcset=\"https:\/\/rajacafe.fi\/wp-content\/uploads\/2019\/07\/9-360x240.jpg 360w, https:\/\/rajacafe.fi\/wp-content\/uploads\/2019\/07\/9.jpg 1920w\" sizes=\"auto, (min-width: 992px) 360px, calc(100vw - 30px)\" class=\"wp-post-image\" alt=\"Wanha Tulli\">\n\t\t\t\t<\/a>\n\t\t\t\t\t\t\t<div class=\"page-box__content\">\n\t\t\t<h5 class=\"page-box__title text-uppercase\"><a href=\"https:\/\/rajacafe.fi\/?page_id=1276\">Wanha Tulli<\/a><\/h5>\n\t\t\t<p>Apartementos-tyylinen huoneisto on valmistunut kes\u00e4ll\u00e4 2019. \r\n- Huoneistossa on nelj\u00e4 kahden hengen huonetta, joista kahdessa on oma suihku ja WC.\r\n- Yhdess\u00e4 huoneessa vain WC.\r\n- Saunaosasto valmistuu syksyll\u00e4 2019.\r\n- Huoneen hintaan &hellip;<\/p>\n\t\t\t\t\t\t\t<p><a href=\"https:\/\/rajacafe.fi\/?page_id=1276\" class=\"read-more  read-more--page-box\">Lue lis\u00e4\u00e4...<\/a><\/p>\n\t\t\t\t\t<\/div>\n\t<\/div>\n\n<\/div><\/div><div id=\"pgc-76-1-3\"  class=\"panel-grid-cell panel-grid-cell-empty\" ><\/div><\/div><\/div>","protected":false},"excerpt":{"rendered":"<p>Rajacaf\u00e9 tarjoaa majoitusta niin yksin liikkuvalle kuin suuremmallekin ryhm\u00e4lle. Meill\u00e4 on kolme Karesuvannossa sijaitsevaa majoitustilaa: Visiitti, Palaveri ja Wanha Tulli. <\/p>\n","protected":false},"author":1,"featured_media":1058,"parent":0,"menu_order":0,"comment_status":"closed","ping_status":"open","template":"","meta":{"_acf_changed":false,"footnotes":""},"class_list":["post-76","page","type-page","status-publish","has-post-thumbnail","hentry"],"acf":[],"yoast_head":"<!-- This site is optimized with the Yoast SEO plugin v26.8 - https:\/\/yoast.com\/product\/yoast-seo-wordpress\/ -->\n<title>Majoitus - Rajacaf\u00e9 Karesuvanto<\/title>\n<meta name=\"robots\" content=\"index, follow, max-snippet:-1, max-image-preview:large, max-video-preview:-1\" \/>\n<link rel=\"canonical\" href=\"https:\/\/rajacafe.fi\/?page_id=76\" \/>\n<meta property=\"og:locale\" content=\"fi_FI\" \/>\n<meta property=\"og:type\" content=\"article\" \/>\n<meta property=\"og:title\" content=\"Majoitus - Rajacaf\u00e9 Karesuvanto\" \/>\n<meta property=\"og:description\" content=\"Rajacaf\u00e9 tarjoaa majoitusta niin yksin liikkuvalle kuin suuremmallekin ryhm\u00e4lle. Meill\u00e4 on kolme Karesuvannossa sijaitsevaa majoitustilaa: Visiitti, Palaveri ja Wanha Tulli.\" \/>\n<meta property=\"og:url\" content=\"https:\/\/rajacafe.fi\/?page_id=76\" \/>\n<meta property=\"og:site_name\" content=\"Rajacaf\u00e9 Karesuvanto\" \/>\n<meta property=\"article:modified_time\" content=\"2024-12-11T15:18:05+00:00\" \/>\n<meta property=\"og:image\" content=\"https:\/\/rajacafe.fi\/wp-content\/uploads\/2017\/03\/majo1-1.jpg\" \/>\n\t<meta property=\"og:image:width\" content=\"848\" \/>\n\t<meta property=\"og:image:height\" content=\"480\" \/>\n\t<meta property=\"og:image:type\" content=\"image\/jpeg\" \/>\n<meta name=\"twitter:card\" content=\"summary_large_image\" \/>\n<meta name=\"twitter:label1\" content=\"Arvioitu lukuaika\" \/>\n\t<meta name=\"twitter:data1\" content=\"2 minuuttia\" \/>\n<script type=\"application\/ld+json\" class=\"yoast-schema-graph\">{\"@context\":\"https:\/\/schema.org\",\"@graph\":[{\"@type\":\"WebPage\",\"@id\":\"https:\/\/rajacafe.fi\/?page_id=76\",\"url\":\"https:\/\/rajacafe.fi\/?page_id=76\",\"name\":\"Majoitus - Rajacaf\u00e9 Karesuvanto\",\"isPartOf\":{\"@id\":\"https:\/\/rajacafe.fi\/#website\"},\"primaryImageOfPage\":{\"@id\":\"https:\/\/rajacafe.fi\/?page_id=76#primaryimage\"},\"image\":{\"@id\":\"https:\/\/rajacafe.fi\/?page_id=76#primaryimage\"},\"thumbnailUrl\":\"https:\/\/rajacafe.fi\/wp-content\/uploads\/2017\/03\/majo1-1.jpg\",\"datePublished\":\"2015-04-23T11:04:51+00:00\",\"dateModified\":\"2024-12-11T15:18:05+00:00\",\"breadcrumb\":{\"@id\":\"https:\/\/rajacafe.fi\/?page_id=76#breadcrumb\"},\"inLanguage\":\"fi\",\"potentialAction\":[{\"@type\":\"ReadAction\",\"target\":[\"https:\/\/rajacafe.fi\/?page_id=76\"]}]},{\"@type\":\"ImageObject\",\"inLanguage\":\"fi\",\"@id\":\"https:\/\/rajacafe.fi\/?page_id=76#primaryimage\",\"url\":\"https:\/\/rajacafe.fi\/wp-content\/uploads\/2017\/03\/majo1-1.jpg\",\"contentUrl\":\"https:\/\/rajacafe.fi\/wp-content\/uploads\/2017\/03\/majo1-1.jpg\",\"width\":848,\"height\":480},{\"@type\":\"BreadcrumbList\",\"@id\":\"https:\/\/rajacafe.fi\/?page_id=76#breadcrumb\",\"itemListElement\":[{\"@type\":\"ListItem\",\"position\":1,\"name\":\"Home\",\"item\":\"https:\/\/rajacafe.fi\/\"},{\"@type\":\"ListItem\",\"position\":2,\"name\":\"Majoitus\"}]},{\"@type\":\"WebSite\",\"@id\":\"https:\/\/rajacafe.fi\/#website\",\"url\":\"https:\/\/rajacafe.fi\/\",\"name\":\"Rajacaf\u00e9 Karesuvanto\",\"description\":\"T\u00e4yden palvelun liikenneasema Karesuvannossa\",\"publisher\":{\"@id\":\"https:\/\/rajacafe.fi\/#organization\"},\"potentialAction\":[{\"@type\":\"SearchAction\",\"target\":{\"@type\":\"EntryPoint\",\"urlTemplate\":\"https:\/\/rajacafe.fi\/?s={search_term_string}\"},\"query-input\":{\"@type\":\"PropertyValueSpecification\",\"valueRequired\":true,\"valueName\":\"search_term_string\"}}],\"inLanguage\":\"fi\"},{\"@type\":\"Organization\",\"@id\":\"https:\/\/rajacafe.fi\/#organization\",\"name\":\"Rajabaari\",\"url\":\"https:\/\/rajacafe.fi\/\",\"logo\":{\"@type\":\"ImageObject\",\"inLanguage\":\"fi\",\"@id\":\"https:\/\/rajacafe.fi\/#\/schema\/logo\/image\/\",\"url\":\"http:\/\/rajacafe.fi\/wp-content\/uploads\/2015\/04\/km2.jpg\",\"contentUrl\":\"http:\/\/rajacafe.fi\/wp-content\/uploads\/2015\/04\/km2.jpg\",\"width\":848,\"height\":480,\"caption\":\"Rajabaari\"},\"image\":{\"@id\":\"https:\/\/rajacafe.fi\/#\/schema\/logo\/image\/\"}}]}<\/script>\n<!-- \/ Yoast SEO plugin. -->","yoast_head_json":{"title":"Majoitus - Rajacaf\u00e9 Karesuvanto","robots":{"index":"index","follow":"follow","max-snippet":"max-snippet:-1","max-image-preview":"max-image-preview:large","max-video-preview":"max-video-preview:-1"},"canonical":"https:\/\/rajacafe.fi\/?page_id=76","og_locale":"fi_FI","og_type":"article","og_title":"Majoitus - Rajacaf\u00e9 Karesuvanto","og_description":"Rajacaf\u00e9 tarjoaa majoitusta niin yksin liikkuvalle kuin suuremmallekin ryhm\u00e4lle. Meill\u00e4 on kolme Karesuvannossa sijaitsevaa majoitustilaa: Visiitti, Palaveri ja Wanha Tulli.","og_url":"https:\/\/rajacafe.fi\/?page_id=76","og_site_name":"Rajacaf\u00e9 Karesuvanto","article_modified_time":"2024-12-11T15:18:05+00:00","og_image":[{"width":848,"height":480,"url":"https:\/\/rajacafe.fi\/wp-content\/uploads\/2017\/03\/majo1-1.jpg","type":"image\/jpeg"}],"twitter_card":"summary_large_image","twitter_misc":{"Arvioitu lukuaika":"2 minuuttia"},"schema":{"@context":"https:\/\/schema.org","@graph":[{"@type":"WebPage","@id":"https:\/\/rajacafe.fi\/?page_id=76","url":"https:\/\/rajacafe.fi\/?page_id=76","name":"Majoitus - Rajacaf\u00e9 Karesuvanto","isPartOf":{"@id":"https:\/\/rajacafe.fi\/#website"},"primaryImageOfPage":{"@id":"https:\/\/rajacafe.fi\/?page_id=76#primaryimage"},"image":{"@id":"https:\/\/rajacafe.fi\/?page_id=76#primaryimage"},"thumbnailUrl":"https:\/\/rajacafe.fi\/wp-content\/uploads\/2017\/03\/majo1-1.jpg","datePublished":"2015-04-23T11:04:51+00:00","dateModified":"2024-12-11T15:18:05+00:00","breadcrumb":{"@id":"https:\/\/rajacafe.fi\/?page_id=76#breadcrumb"},"inLanguage":"fi","potentialAction":[{"@type":"ReadAction","target":["https:\/\/rajacafe.fi\/?page_id=76"]}]},{"@type":"ImageObject","inLanguage":"fi","@id":"https:\/\/rajacafe.fi\/?page_id=76#primaryimage","url":"https:\/\/rajacafe.fi\/wp-content\/uploads\/2017\/03\/majo1-1.jpg","contentUrl":"https:\/\/rajacafe.fi\/wp-content\/uploads\/2017\/03\/majo1-1.jpg","width":848,"height":480},{"@type":"BreadcrumbList","@id":"https:\/\/rajacafe.fi\/?page_id=76#breadcrumb","itemListElement":[{"@type":"ListItem","position":1,"name":"Home","item":"https:\/\/rajacafe.fi\/"},{"@type":"ListItem","position":2,"name":"Majoitus"}]},{"@type":"WebSite","@id":"https:\/\/rajacafe.fi\/#website","url":"https:\/\/rajacafe.fi\/","name":"Rajacaf\u00e9 Karesuvanto","description":"T\u00e4yden palvelun liikenneasema Karesuvannossa","publisher":{"@id":"https:\/\/rajacafe.fi\/#organization"},"potentialAction":[{"@type":"SearchAction","target":{"@type":"EntryPoint","urlTemplate":"https:\/\/rajacafe.fi\/?s={search_term_string}"},"query-input":{"@type":"PropertyValueSpecification","valueRequired":true,"valueName":"search_term_string"}}],"inLanguage":"fi"},{"@type":"Organization","@id":"https:\/\/rajacafe.fi\/#organization","name":"Rajabaari","url":"https:\/\/rajacafe.fi\/","logo":{"@type":"ImageObject","inLanguage":"fi","@id":"https:\/\/rajacafe.fi\/#\/schema\/logo\/image\/","url":"http:\/\/rajacafe.fi\/wp-content\/uploads\/2015\/04\/km2.jpg","contentUrl":"http:\/\/rajacafe.fi\/wp-content\/uploads\/2015\/04\/km2.jpg","width":848,"height":480,"caption":"Rajabaari"},"image":{"@id":"https:\/\/rajacafe.fi\/#\/schema\/logo\/image\/"}}]}},"_links":{"self":[{"href":"https:\/\/rajacafe.fi\/index.php?rest_route=\/wp\/v2\/pages\/76","targetHints":{"allow":["GET"]}}],"collection":[{"href":"https:\/\/rajacafe.fi\/index.php?rest_route=\/wp\/v2\/pages"}],"about":[{"href":"https:\/\/rajacafe.fi\/index.php?rest_route=\/wp\/v2\/types\/page"}],"author":[{"embeddable":true,"href":"https:\/\/rajacafe.fi\/index.php?rest_route=\/wp\/v2\/users\/1"}],"replies":[{"embeddable":true,"href":"https:\/\/rajacafe.fi\/index.php?rest_route=%2Fwp%2Fv2%2Fcomments&post=76"}],"version-history":[{"count":33,"href":"https:\/\/rajacafe.fi\/index.php?rest_route=\/wp\/v2\/pages\/76\/revisions"}],"predecessor-version":[{"id":1549,"href":"https:\/\/rajacafe.fi\/index.php?rest_route=\/wp\/v2\/pages\/76\/revisions\/1549"}],"wp:featuredmedia":[{"embeddable":true,"href":"https:\/\/rajacafe.fi\/index.php?rest_route=\/wp\/v2\/media\/1058"}],"wp:attachment":[{"href":"https:\/\/rajacafe.fi\/index.php?rest_route=%2Fwp%2Fv2%2Fmedia&parent=76"}],"curies":[{"name":"wp","href":"https:\/\/api.w.org\/{rel}","templated":true}]}}