{"id":889,"date":"2017-03-05T16:14:25","date_gmt":"2017-03-05T16:14:25","guid":{"rendered":"http:\/\/timorehtonen.com\/wp\/?page_id=889"},"modified":"2021-07-05T11:37:28","modified_gmt":"2021-07-05T11:37:28","slug":"palveluja","status":"publish","type":"page","link":"https:\/\/rajacafe.fi\/?page_id=889","title":{"rendered":"Palveluja"},"content":{"rendered":"<ul>\n<li>Hydrauliikka-\/paineletkujen valmistus- ja korjauspalvelu.<\/li>\n<li>Caravan-s\u00e4hk\u00f6 ja Caravan-tyhjennys.<\/li>\n<li>Ajoneuvoyhdistelm\u00e4parkkiin sopii noin 40 yhdistelm\u00e4\u00e4.<\/li>\n<\/ul>\n<p><strong>Rajacaf\u00e9 on my\u00f6s Fortum-s\u00e4hk\u00f6autojen latauspaikka<\/strong><br \/>\n<a href=\"http:\/\/www.sahkoinenliikenne.fi\/suomen-julkiset-latauspisteet\" target=\"blank\" rel=\"noopener\">Katso kaikki Suomen latauspisteet<\/a><\/p>\n<p><a href=\"http:\/\/www.sahkoinenliikenne.fi\/suomen-julkiset-latauspisteet\" target=\"blank\" rel=\"noopener\"><img loading=\"lazy\" decoding=\"async\" class=\"alignnone size-medium wp-image-933\" src=\"http:\/\/rajacafe.fi\/wp-content\/uploads\/2017\/03\/sahkoaytot-300x170.jpg\" alt=\"Katso kaikki Suomen latauspisteet\" width=\"600\" height=\"340\" \/><\/a><\/p>\n","protected":false},"excerpt":{"rendered":"<p>Hydrauliikka-\/paineletkujen valmistus- ja korjauspalvelu. Caravan-s\u00e4hk\u00f6 ja Caravan-tyhjennys. Ajoneuvoyhdistelm\u00e4parkkiin sopii noin 40 yhdistelm\u00e4\u00e4. Rajacaf\u00e9 on my\u00f6s Fortum-s\u00e4hk\u00f6autojen latauspaikka Katso kaikki Suomen latauspisteet<\/p>\n","protected":false},"author":1,"featured_media":0,"parent":0,"menu_order":0,"comment_status":"closed","ping_status":"closed","template":"","meta":{"_acf_changed":false,"footnotes":""},"class_list":["post-889","page","type-page","status-publish","hentry"],"acf":[],"yoast_head":"<!-- This site is optimized with the Yoast SEO plugin v26.8 - https:\/\/yoast.com\/product\/yoast-seo-wordpress\/ -->\n<title>Palveluja - Rajacaf\u00e9 Karesuvanto<\/title>\n<meta name=\"robots\" content=\"index, follow, max-snippet:-1, max-image-preview:large, max-video-preview:-1\" \/>\n<link rel=\"canonical\" href=\"https:\/\/rajacafe.fi\/?page_id=889\" \/>\n<meta property=\"og:locale\" content=\"fi_FI\" \/>\n<meta property=\"og:type\" content=\"article\" \/>\n<meta property=\"og:title\" content=\"Palveluja - Rajacaf\u00e9 Karesuvanto\" \/>\n<meta property=\"og:description\" content=\"Hydrauliikka-\/paineletkujen valmistus- ja korjauspalvelu. Caravan-s\u00e4hk\u00f6 ja Caravan-tyhjennys. Ajoneuvoyhdistelm\u00e4parkkiin sopii noin 40 yhdistelm\u00e4\u00e4. Rajacaf\u00e9 on my\u00f6s Fortum-s\u00e4hk\u00f6autojen latauspaikka Katso kaikki Suomen latauspisteet\" \/>\n<meta property=\"og:url\" content=\"https:\/\/rajacafe.fi\/?page_id=889\" \/>\n<meta property=\"og:site_name\" content=\"Rajacaf\u00e9 Karesuvanto\" \/>\n<meta property=\"article:modified_time\" content=\"2021-07-05T11:37:28+00:00\" \/>\n<meta property=\"og:image\" content=\"http:\/\/rajacafe.fi\/wp-content\/uploads\/2017\/03\/sahkoaytot-300x170.jpg\" \/>\n<meta name=\"twitter:card\" content=\"summary_large_image\" \/>\n<meta name=\"twitter:label1\" content=\"Arvioitu lukuaika\" \/>\n\t<meta name=\"twitter:data1\" content=\"1 minuutti\" \/>\n<script type=\"application\/ld+json\" class=\"yoast-schema-graph\">{\"@context\":\"https:\/\/schema.org\",\"@graph\":[{\"@type\":\"WebPage\",\"@id\":\"https:\/\/rajacafe.fi\/?page_id=889\",\"url\":\"https:\/\/rajacafe.fi\/?page_id=889\",\"name\":\"Palveluja - Rajacaf\u00e9 Karesuvanto\",\"isPartOf\":{\"@id\":\"https:\/\/rajacafe.fi\/#website\"},\"primaryImageOfPage\":{\"@id\":\"https:\/\/rajacafe.fi\/?page_id=889#primaryimage\"},\"image\":{\"@id\":\"https:\/\/rajacafe.fi\/?page_id=889#primaryimage\"},\"thumbnailUrl\":\"http:\/\/rajacafe.fi\/wp-content\/uploads\/2017\/03\/sahkoaytot-300x170.jpg\",\"datePublished\":\"2017-03-05T16:14:25+00:00\",\"dateModified\":\"2021-07-05T11:37:28+00:00\",\"breadcrumb\":{\"@id\":\"https:\/\/rajacafe.fi\/?page_id=889#breadcrumb\"},\"inLanguage\":\"fi\",\"potentialAction\":[{\"@type\":\"ReadAction\",\"target\":[\"https:\/\/rajacafe.fi\/?page_id=889\"]}]},{\"@type\":\"ImageObject\",\"inLanguage\":\"fi\",\"@id\":\"https:\/\/rajacafe.fi\/?page_id=889#primaryimage\",\"url\":\"http:\/\/rajacafe.fi\/wp-content\/uploads\/2017\/03\/sahkoaytot-300x170.jpg\",\"contentUrl\":\"http:\/\/rajacafe.fi\/wp-content\/uploads\/2017\/03\/sahkoaytot-300x170.jpg\"},{\"@type\":\"BreadcrumbList\",\"@id\":\"https:\/\/rajacafe.fi\/?page_id=889#breadcrumb\",\"itemListElement\":[{\"@type\":\"ListItem\",\"position\":1,\"name\":\"Home\",\"item\":\"https:\/\/rajacafe.fi\/\"},{\"@type\":\"ListItem\",\"position\":2,\"name\":\"Palveluja\"}]},{\"@type\":\"WebSite\",\"@id\":\"https:\/\/rajacafe.fi\/#website\",\"url\":\"https:\/\/rajacafe.fi\/\",\"name\":\"Rajacaf\u00e9 Karesuvanto\",\"description\":\"T\u00e4yden palvelun liikenneasema Karesuvannossa\",\"publisher\":{\"@id\":\"https:\/\/rajacafe.fi\/#organization\"},\"potentialAction\":[{\"@type\":\"SearchAction\",\"target\":{\"@type\":\"EntryPoint\",\"urlTemplate\":\"https:\/\/rajacafe.fi\/?s={search_term_string}\"},\"query-input\":{\"@type\":\"PropertyValueSpecification\",\"valueRequired\":true,\"valueName\":\"search_term_string\"}}],\"inLanguage\":\"fi\"},{\"@type\":\"Organization\",\"@id\":\"https:\/\/rajacafe.fi\/#organization\",\"name\":\"Rajabaari\",\"url\":\"https:\/\/rajacafe.fi\/\",\"logo\":{\"@type\":\"ImageObject\",\"inLanguage\":\"fi\",\"@id\":\"https:\/\/rajacafe.fi\/#\/schema\/logo\/image\/\",\"url\":\"http:\/\/rajacafe.fi\/wp-content\/uploads\/2015\/04\/km2.jpg\",\"contentUrl\":\"http:\/\/rajacafe.fi\/wp-content\/uploads\/2015\/04\/km2.jpg\",\"width\":848,\"height\":480,\"caption\":\"Rajabaari\"},\"image\":{\"@id\":\"https:\/\/rajacafe.fi\/#\/schema\/logo\/image\/\"}}]}<\/script>\n<!-- \/ Yoast SEO plugin. -->","yoast_head_json":{"title":"Palveluja - Rajacaf\u00e9 Karesuvanto","robots":{"index":"index","follow":"follow","max-snippet":"max-snippet:-1","max-image-preview":"max-image-preview:large","max-video-preview":"max-video-preview:-1"},"canonical":"https:\/\/rajacafe.fi\/?page_id=889","og_locale":"fi_FI","og_type":"article","og_title":"Palveluja - Rajacaf\u00e9 Karesuvanto","og_description":"Hydrauliikka-\/paineletkujen valmistus- ja korjauspalvelu. Caravan-s\u00e4hk\u00f6 ja Caravan-tyhjennys. Ajoneuvoyhdistelm\u00e4parkkiin sopii noin 40 yhdistelm\u00e4\u00e4. Rajacaf\u00e9 on my\u00f6s Fortum-s\u00e4hk\u00f6autojen latauspaikka Katso kaikki Suomen latauspisteet","og_url":"https:\/\/rajacafe.fi\/?page_id=889","og_site_name":"Rajacaf\u00e9 Karesuvanto","article_modified_time":"2021-07-05T11:37:28+00:00","og_image":[{"url":"http:\/\/rajacafe.fi\/wp-content\/uploads\/2017\/03\/sahkoaytot-300x170.jpg","type":"","width":"","height":""}],"twitter_card":"summary_large_image","twitter_misc":{"Arvioitu lukuaika":"1 minuutti"},"schema":{"@context":"https:\/\/schema.org","@graph":[{"@type":"WebPage","@id":"https:\/\/rajacafe.fi\/?page_id=889","url":"https:\/\/rajacafe.fi\/?page_id=889","name":"Palveluja - Rajacaf\u00e9 Karesuvanto","isPartOf":{"@id":"https:\/\/rajacafe.fi\/#website"},"primaryImageOfPage":{"@id":"https:\/\/rajacafe.fi\/?page_id=889#primaryimage"},"image":{"@id":"https:\/\/rajacafe.fi\/?page_id=889#primaryimage"},"thumbnailUrl":"http:\/\/rajacafe.fi\/wp-content\/uploads\/2017\/03\/sahkoaytot-300x170.jpg","datePublished":"2017-03-05T16:14:25+00:00","dateModified":"2021-07-05T11:37:28+00:00","breadcrumb":{"@id":"https:\/\/rajacafe.fi\/?page_id=889#breadcrumb"},"inLanguage":"fi","potentialAction":[{"@type":"ReadAction","target":["https:\/\/rajacafe.fi\/?page_id=889"]}]},{"@type":"ImageObject","inLanguage":"fi","@id":"https:\/\/rajacafe.fi\/?page_id=889#primaryimage","url":"http:\/\/rajacafe.fi\/wp-content\/uploads\/2017\/03\/sahkoaytot-300x170.jpg","contentUrl":"http:\/\/rajacafe.fi\/wp-content\/uploads\/2017\/03\/sahkoaytot-300x170.jpg"},{"@type":"BreadcrumbList","@id":"https:\/\/rajacafe.fi\/?page_id=889#breadcrumb","itemListElement":[{"@type":"ListItem","position":1,"name":"Home","item":"https:\/\/rajacafe.fi\/"},{"@type":"ListItem","position":2,"name":"Palveluja"}]},{"@type":"WebSite","@id":"https:\/\/rajacafe.fi\/#website","url":"https:\/\/rajacafe.fi\/","name":"Rajacaf\u00e9 Karesuvanto","description":"T\u00e4yden palvelun liikenneasema Karesuvannossa","publisher":{"@id":"https:\/\/rajacafe.fi\/#organization"},"potentialAction":[{"@type":"SearchAction","target":{"@type":"EntryPoint","urlTemplate":"https:\/\/rajacafe.fi\/?s={search_term_string}"},"query-input":{"@type":"PropertyValueSpecification","valueRequired":true,"valueName":"search_term_string"}}],"inLanguage":"fi"},{"@type":"Organization","@id":"https:\/\/rajacafe.fi\/#organization","name":"Rajabaari","url":"https:\/\/rajacafe.fi\/","logo":{"@type":"ImageObject","inLanguage":"fi","@id":"https:\/\/rajacafe.fi\/#\/schema\/logo\/image\/","url":"http:\/\/rajacafe.fi\/wp-content\/uploads\/2015\/04\/km2.jpg","contentUrl":"http:\/\/rajacafe.fi\/wp-content\/uploads\/2015\/04\/km2.jpg","width":848,"height":480,"caption":"Rajabaari"},"image":{"@id":"https:\/\/rajacafe.fi\/#\/schema\/logo\/image\/"}}]}},"_links":{"self":[{"href":"https:\/\/rajacafe.fi\/index.php?rest_route=\/wp\/v2\/pages\/889","targetHints":{"allow":["GET"]}}],"collection":[{"href":"https:\/\/rajacafe.fi\/index.php?rest_route=\/wp\/v2\/pages"}],"about":[{"href":"https:\/\/rajacafe.fi\/index.php?rest_route=\/wp\/v2\/types\/page"}],"author":[{"embeddable":true,"href":"https:\/\/rajacafe.fi\/index.php?rest_route=\/wp\/v2\/users\/1"}],"replies":[{"embeddable":true,"href":"https:\/\/rajacafe.fi\/index.php?rest_route=%2Fwp%2Fv2%2Fcomments&post=889"}],"version-history":[{"count":2,"href":"https:\/\/rajacafe.fi\/index.php?rest_route=\/wp\/v2\/pages\/889\/revisions"}],"predecessor-version":[{"id":1457,"href":"https:\/\/rajacafe.fi\/index.php?rest_route=\/wp\/v2\/pages\/889\/revisions\/1457"}],"wp:attachment":[{"href":"https:\/\/rajacafe.fi\/index.php?rest_route=%2Fwp%2Fv2%2Fmedia&parent=889"}],"curies":[{"name":"wp","href":"https:\/\/api.w.org\/{rel}","templated":true}]}}