{"id":899,"date":"2017-03-05T16:30:30","date_gmt":"2017-03-05T16:30:30","guid":{"rendered":"http:\/\/timorehtonen.com\/wp\/?page_id=899"},"modified":"2017-03-05T16:30:30","modified_gmt":"2017-03-05T16:30:30","slug":"vuokrattavana","status":"publish","type":"page","link":"https:\/\/rajacafe.fi\/?page_id=899","title":{"rendered":"Vuokrattavana"},"content":{"rendered":"<ul>\n<li>Autoja 2kpl<\/li>\n<li>Moottorikelkkoja 8kpl<\/li>\n<li>Atv-m\u00f6nkij\u00e4 1 kpl<\/li>\n<\/ul>\n<p>&nbsp;<\/p>\n","protected":false},"excerpt":{"rendered":"<p>Autoja 2kpl Moottorikelkkoja 8kpl Atv-m\u00f6nkij\u00e4 1 kpl &nbsp;<\/p>\n","protected":false},"author":1,"featured_media":0,"parent":0,"menu_order":0,"comment_status":"closed","ping_status":"closed","template":"","meta":{"_acf_changed":false,"footnotes":""},"class_list":["post-899","page","type-page","status-publish","hentry"],"acf":[],"yoast_head":"<!-- This site is optimized with the Yoast SEO plugin v26.8 - https:\/\/yoast.com\/product\/yoast-seo-wordpress\/ -->\n<title>Vuokrattavana - Rajacaf\u00e9 Karesuvanto<\/title>\n<meta name=\"robots\" content=\"index, follow, max-snippet:-1, max-image-preview:large, max-video-preview:-1\" \/>\n<link rel=\"canonical\" href=\"https:\/\/rajacafe.fi\/?page_id=899\" \/>\n<meta property=\"og:locale\" content=\"fi_FI\" \/>\n<meta property=\"og:type\" content=\"article\" \/>\n<meta property=\"og:title\" content=\"Vuokrattavana - Rajacaf\u00e9 Karesuvanto\" \/>\n<meta property=\"og:description\" content=\"Autoja 2kpl Moottorikelkkoja 8kpl Atv-m\u00f6nkij\u00e4 1 kpl &nbsp;\" \/>\n<meta property=\"og:url\" content=\"https:\/\/rajacafe.fi\/?page_id=899\" \/>\n<meta property=\"og:site_name\" content=\"Rajacaf\u00e9 Karesuvanto\" \/>\n<meta name=\"twitter:card\" content=\"summary_large_image\" \/>\n<script type=\"application\/ld+json\" class=\"yoast-schema-graph\">{\"@context\":\"https:\/\/schema.org\",\"@graph\":[{\"@type\":\"WebPage\",\"@id\":\"https:\/\/rajacafe.fi\/?page_id=899\",\"url\":\"https:\/\/rajacafe.fi\/?page_id=899\",\"name\":\"Vuokrattavana - Rajacaf\u00e9 Karesuvanto\",\"isPartOf\":{\"@id\":\"https:\/\/rajacafe.fi\/#website\"},\"datePublished\":\"2017-03-05T16:30:30+00:00\",\"breadcrumb\":{\"@id\":\"https:\/\/rajacafe.fi\/?page_id=899#breadcrumb\"},\"inLanguage\":\"fi\",\"potentialAction\":[{\"@type\":\"ReadAction\",\"target\":[\"https:\/\/rajacafe.fi\/?page_id=899\"]}]},{\"@type\":\"BreadcrumbList\",\"@id\":\"https:\/\/rajacafe.fi\/?page_id=899#breadcrumb\",\"itemListElement\":[{\"@type\":\"ListItem\",\"position\":1,\"name\":\"Home\",\"item\":\"https:\/\/rajacafe.fi\/\"},{\"@type\":\"ListItem\",\"position\":2,\"name\":\"Vuokrattavana\"}]},{\"@type\":\"WebSite\",\"@id\":\"https:\/\/rajacafe.fi\/#website\",\"url\":\"https:\/\/rajacafe.fi\/\",\"name\":\"Rajacaf\u00e9 Karesuvanto\",\"description\":\"T\u00e4yden palvelun liikenneasema Karesuvannossa\",\"publisher\":{\"@id\":\"https:\/\/rajacafe.fi\/#organization\"},\"potentialAction\":[{\"@type\":\"SearchAction\",\"target\":{\"@type\":\"EntryPoint\",\"urlTemplate\":\"https:\/\/rajacafe.fi\/?s={search_term_string}\"},\"query-input\":{\"@type\":\"PropertyValueSpecification\",\"valueRequired\":true,\"valueName\":\"search_term_string\"}}],\"inLanguage\":\"fi\"},{\"@type\":\"Organization\",\"@id\":\"https:\/\/rajacafe.fi\/#organization\",\"name\":\"Rajabaari\",\"url\":\"https:\/\/rajacafe.fi\/\",\"logo\":{\"@type\":\"ImageObject\",\"inLanguage\":\"fi\",\"@id\":\"https:\/\/rajacafe.fi\/#\/schema\/logo\/image\/\",\"url\":\"http:\/\/rajacafe.fi\/wp-content\/uploads\/2015\/04\/km2.jpg\",\"contentUrl\":\"http:\/\/rajacafe.fi\/wp-content\/uploads\/2015\/04\/km2.jpg\",\"width\":848,\"height\":480,\"caption\":\"Rajabaari\"},\"image\":{\"@id\":\"https:\/\/rajacafe.fi\/#\/schema\/logo\/image\/\"}}]}<\/script>\n<!-- \/ Yoast SEO plugin. -->","yoast_head_json":{"title":"Vuokrattavana - Rajacaf\u00e9 Karesuvanto","robots":{"index":"index","follow":"follow","max-snippet":"max-snippet:-1","max-image-preview":"max-image-preview:large","max-video-preview":"max-video-preview:-1"},"canonical":"https:\/\/rajacafe.fi\/?page_id=899","og_locale":"fi_FI","og_type":"article","og_title":"Vuokrattavana - Rajacaf\u00e9 Karesuvanto","og_description":"Autoja 2kpl Moottorikelkkoja 8kpl Atv-m\u00f6nkij\u00e4 1 kpl &nbsp;","og_url":"https:\/\/rajacafe.fi\/?page_id=899","og_site_name":"Rajacaf\u00e9 Karesuvanto","twitter_card":"summary_large_image","schema":{"@context":"https:\/\/schema.org","@graph":[{"@type":"WebPage","@id":"https:\/\/rajacafe.fi\/?page_id=899","url":"https:\/\/rajacafe.fi\/?page_id=899","name":"Vuokrattavana - Rajacaf\u00e9 Karesuvanto","isPartOf":{"@id":"https:\/\/rajacafe.fi\/#website"},"datePublished":"2017-03-05T16:30:30+00:00","breadcrumb":{"@id":"https:\/\/rajacafe.fi\/?page_id=899#breadcrumb"},"inLanguage":"fi","potentialAction":[{"@type":"ReadAction","target":["https:\/\/rajacafe.fi\/?page_id=899"]}]},{"@type":"BreadcrumbList","@id":"https:\/\/rajacafe.fi\/?page_id=899#breadcrumb","itemListElement":[{"@type":"ListItem","position":1,"name":"Home","item":"https:\/\/rajacafe.fi\/"},{"@type":"ListItem","position":2,"name":"Vuokrattavana"}]},{"@type":"WebSite","@id":"https:\/\/rajacafe.fi\/#website","url":"https:\/\/rajacafe.fi\/","name":"Rajacaf\u00e9 Karesuvanto","description":"T\u00e4yden palvelun liikenneasema Karesuvannossa","publisher":{"@id":"https:\/\/rajacafe.fi\/#organization"},"potentialAction":[{"@type":"SearchAction","target":{"@type":"EntryPoint","urlTemplate":"https:\/\/rajacafe.fi\/?s={search_term_string}"},"query-input":{"@type":"PropertyValueSpecification","valueRequired":true,"valueName":"search_term_string"}}],"inLanguage":"fi"},{"@type":"Organization","@id":"https:\/\/rajacafe.fi\/#organization","name":"Rajabaari","url":"https:\/\/rajacafe.fi\/","logo":{"@type":"ImageObject","inLanguage":"fi","@id":"https:\/\/rajacafe.fi\/#\/schema\/logo\/image\/","url":"http:\/\/rajacafe.fi\/wp-content\/uploads\/2015\/04\/km2.jpg","contentUrl":"http:\/\/rajacafe.fi\/wp-content\/uploads\/2015\/04\/km2.jpg","width":848,"height":480,"caption":"Rajabaari"},"image":{"@id":"https:\/\/rajacafe.fi\/#\/schema\/logo\/image\/"}}]}},"_links":{"self":[{"href":"https:\/\/rajacafe.fi\/index.php?rest_route=\/wp\/v2\/pages\/899","targetHints":{"allow":["GET"]}}],"collection":[{"href":"https:\/\/rajacafe.fi\/index.php?rest_route=\/wp\/v2\/pages"}],"about":[{"href":"https:\/\/rajacafe.fi\/index.php?rest_route=\/wp\/v2\/types\/page"}],"author":[{"embeddable":true,"href":"https:\/\/rajacafe.fi\/index.php?rest_route=\/wp\/v2\/users\/1"}],"replies":[{"embeddable":true,"href":"https:\/\/rajacafe.fi\/index.php?rest_route=%2Fwp%2Fv2%2Fcomments&post=899"}],"version-history":[{"count":0,"href":"https:\/\/rajacafe.fi\/index.php?rest_route=\/wp\/v2\/pages\/899\/revisions"}],"wp:attachment":[{"href":"https:\/\/rajacafe.fi\/index.php?rest_route=%2Fwp%2Fv2%2Fmedia&parent=899"}],"curies":[{"name":"wp","href":"https:\/\/api.w.org\/{rel}","templated":true}]}}